{"id":73,"date":"2016-06-14T06:15:58","date_gmt":"2016-06-14T06:15:58","guid":{"rendered":"http:\/\/sw-themes.com\/porto_dummy\/?page_id=73"},"modified":"2025-05-07T14:12:46","modified_gmt":"2025-05-07T11:12:46","slug":"iletisim","status":"publish","type":"page","link":"https:\/\/www.kiempi.com\/en\/iletisim\/","title":{"rendered":"Contact"},"content":{"rendered":"<div data-vc-full-width=\"true\" data-vc-full-width-init=\"false\" data-vc-stretch-content=\"true\" class=\"vc_row wpb_row row vc_row-no-padding\"><div class=\"vc_column_container col-md-12\"><div class=\"wpb_wrapper vc_column-inner\"><div id='wrap_map_69e08f86f06b5' class='porto-map-wrapper porto-adjust-bottom-margin ' style='height:400px;'><div id='map_69e08f86f06b5' data-map_override='0' class='porto_google_map wpb_content_element ' style='width:100%;height:400px;'><\/div><\/div><script>\n(function($) {\n\t'use strict';\n\tjQuery(document).ready(function($) {\n\t\tif (typeof google == 'undefined') {\n\t\t\treturn;\n\t\t}\n\t\tvar map_map_69e08f86f06b5 = null;\n\t\tvar coordinate_map_69e08f86f06b5;\n\t\ttry {\n\t\t\tcoordinate_map_69e08f86f06b5=new google.maps.LatLng(40.980717, 29.102853);\n\t\t\tvar isDraggable = $(document).width() > 640 ? true : true;\n\t\t\tvar mapOptions = {\n\t\t\t\tzoom: 18,\n\t\t\t\tcenter: coordinate_map_69e08f86f06b5,\n\t\t\t\tscaleControl: true,\n\t\t\t\tstreetViewControl: true,\n\t\t\t\tmapTypeControl: true,\n\t\t\t\tpanControl: true,\n\t\t\t\tzoomControl: true,\n\t\t\t\tscrollwheel: false,\n\t\t\t\tdraggable: isDraggable,\n\t\t\t\tzoomControlOptions: {\n\t\t\t\t\tposition: google.maps.ControlPosition.RIGHT_BOTTOM\n\t\t\t\t},mapTypeId: google.maps.MapTypeId.ROADMAP,};var map_map_69e08f86f06b5 = new google.maps.Map(document.getElementById('map_69e08f86f06b5'),mapOptions);\n\t\t\t\t\tvar x = 'off';\n\t\t\t\t\tvar marker_map_69e08f86f06b5 = new google.maps.Marker({\n\t\t\t\t\tposition: new google.maps.LatLng(40.980717, 29.102853),\n\t\t\t\t\tanimation:  google.maps.Animation.DROP,\n\t\t\t\t\tmap: map_map_69e08f86f06b5,\n\t\t\t\t\ticon: 'https:\/\/www.kiempi.com\/wp-content\/uploads\/2020\/05\/marker2.png'\n\t\t\t\t});\n\t\t\t\tgoogle.maps.event.addListener(marker_map_69e08f86f06b5, 'click', toggleBounce);}\n\t\tcatch(e){};\n\t\tgoogle.maps.event.trigger(map_map_69e08f86f06b5, 'resize');\n\t\t$(window).resize(function(){\n\t\t\tgoogle.maps.event.trigger(map_map_69e08f86f06b5, 'resize');\n\t\t\tif(map_map_69e08f86f06b5!=null) {\n\t\t\t\tmap_map_69e08f86f06b5.setCenter(coordinate_map_69e08f86f06b5);\n\t\t\t}\n\t\t});\n\t\t$('.ui-tabs').bind('tabsactivate', function(event, ui) {\n\t\t   if($(this).find('.porto-map-wrapper').length > 0)\n\t\t\t{\n\t\t\t\tsetTimeout(function(){\n\t\t\t\t\t$(window).trigger('resize');\n\t\t\t\t},200);\n\t\t\t}\n\t\t});\n\t\t$('.ui-accordion').bind('accordionactivate', function(event, ui) {\n\t\t\tif($(this).find('.porto-map-wrapper').length > 0) {\n\t\t\t\tsetTimeout(function(){\n\t\t\t\t\t$(window).trigger('resize');\n\t\t\t\t},200);\n\t\t\t}\n\t\t});\n\t\t$(window).load(function() {\n\t\t\tsetTimeout(function() {\n\t\t\t\t$(window).trigger('resize');\n\t\t\t},200);\n\t\t});\n\t\t$(document).on('onPortoModalPopupOpen', function(){\n\t\t\tif($(map_map_69e08f86f06b5).parents('.porto_modal-content')) {\n\t\t\t\tsetTimeout(function(){\n\t\t\t\t\t$(window).trigger('resize');\n\t\t\t\t},200);\n\t\t\t}\n\t\t});\n\t\tfunction toggleBounce() {\n\t\t\tif (marker_map_69e08f86f06b5.getAnimation() != null) {\n\t\t\t\tmarker_map_69e08f86f06b5.setAnimation(null);\n\t\t\t} else {\n\t\t\t\tmarker_map_69e08f86f06b5.setAnimation(google.maps.Animation.BOUNCE);\n\t\t\t}\n\t\t}\n\t});\n})(jQuery);\n<\/script><\/div><\/div><\/div><div class=\"vc_row-full-width vc_clearfix\"><\/div><div class=\"vc_row wpb_row m-b-xl porto-inner-container\"><div class=\"porto-wrap-container container\"><div class=\"row\"><div class=\"vc_column_container col-md-6\"><div class=\"wpb_wrapper vc_column-inner\"><div role=\"form\" class=\"wpcf7\" id=\"wpcf7-f74-o1\" lang=\"en-US\" dir=\"ltr\">\n<div class=\"screen-reader-response\" role=\"alert\" aria-live=\"polite\"><\/div>\n<form action=\"\/en\/wp-json\/wp\/v2\/pages\/73#wpcf7-f74-o1\" method=\"post\" class=\"wpcf7-form init\" novalidate=\"novalidate\">\n<div style=\"display: none;\">\n<input type=\"hidden\" name=\"_wpcf7\" value=\"74\" \/>\n<input type=\"hidden\" name=\"_wpcf7_version\" value=\"5.2.2\" \/>\n<input type=\"hidden\" name=\"_wpcf7_locale\" value=\"en_US\" \/>\n<input type=\"hidden\" name=\"_wpcf7_unit_tag\" value=\"wpcf7-f74-o1\" \/>\n<input type=\"hidden\" name=\"_wpcf7_container_post\" value=\"0\" \/>\n<input type=\"hidden\" name=\"_wpcf7_posted_data_hash\" value=\"\" \/>\n<\/div>\n<h2 class=\"short mb-2\"><b>\u0130leti\u015fim<\/b> Formu<\/h2>\n<p class=\"mb-5\">Soru sormaktan \u00e7ekinmeyin, merak ettikleriniz i\u00e7in ileti\u015fim formunu kullanabilirsiniz!<\/p>\n<div class=\"row form-row\">\n<div class=\"col-lg-6\">\n<div class=\"form-group\">\n            <label for=\"contact-name\" class=\"font-weight-bold text-dark\">Ad\u0131n\u0131z *<\/label><br \/>\n            <span class=\"wpcf7-form-control-wrap your-name\"><input type=\"text\" name=\"your-name\" value=\"\" size=\"40\" class=\"wpcf7-form-control wpcf7-text wpcf7-validates-as-required form-control\" id=\"contact-name\" aria-required=\"true\" aria-invalid=\"false\" \/><\/span>\n        <\/div><\/div>\n<div class=\"col-lg-6\">\n<div class=\"form-group\">\n            <label for=\"contact-email\" class=\"font-weight-bold text-dark\">E-mail Adresiniz *<\/label><br \/>\n            <span class=\"wpcf7-form-control-wrap your-email\"><input type=\"email\" name=\"your-email\" value=\"\" size=\"40\" class=\"wpcf7-form-control wpcf7-text wpcf7-email wpcf7-validates-as-required wpcf7-validates-as-email form-control\" id=\"contact-email\" aria-required=\"true\" aria-invalid=\"false\" \/><\/span>\n        <\/div><\/div>\n<div class=\"col-lg-12\">\n<div class=\"form-group\">\n            <label for=\"contact-subject\" class=\"font-weight-bold text-dark\">Konu<\/label><br \/>\n            <span class=\"wpcf7-form-control-wrap your-subject\"><input type=\"text\" name=\"your-subject\" value=\"\" size=\"40\" class=\"wpcf7-form-control wpcf7-text form-control\" id=\"contact-subject\" aria-invalid=\"false\" \/><\/span>\n        <\/div><\/div>\n<div class=\"col-lg-12\">\n<div class=\"form-group\">\n            <label for=\"contact-message\" class=\"font-weight-bold text-dark\">Mesaj\u0131n\u0131z<\/label><br \/>\n            <span class=\"wpcf7-form-control-wrap your-message\"><textarea name=\"your-message\" cols=\"40\" rows=\"10\" class=\"wpcf7-form-control wpcf7-textarea form-control\" id=\"contact-message\" aria-invalid=\"false\"><\/textarea><\/span>\n        <\/div><\/div>\n<div class=\"col-lg-12\">\n        <label for=\"contact-captcha\" class=\"font-weight-bold text-dark\">Do\u011frulama Kodu *<\/label>\n    <\/div>\n<div class=\"col-lg-8\">\n<div class=\"form-group\">\n            <span class=\"wpcf7-form-control-wrap your-captcha\"><input type=\"text\" name=\"your-captcha\" value=\"\" size=\"40\" class=\"wpcf7-form-control wpcf7-captchar form-control\" id=\"contact-captcha\" autocomplete=\"off\" aria-invalid=\"false\" \/><\/span>\n        <\/div><\/div>\n<div class=\"col-lg-4\">\n<div class=\"form-group\">\n            <input type=\"hidden\" name=\"_wpcf7_captcha_challenge_your-captcha\" value=\"2407908980\" \/><img class=\"wpcf7-form-control wpcf7-captchac wpcf7-captcha-your-captcha\" width=\"72\" height=\"24\" alt=\"captcha\" src=\"https:\/\/www.kiempi.com\/wp-content\/uploads\/wpcf7_captcha\/2407908980.png\" \/>\n        <\/div><\/div>\n<div class=\"col-lg-12\">\n<div class=\"form-group\">\n            <input type=\"submit\" value=\"Mesaj\u0131 G\u00f6nder\" class=\"wpcf7-form-control wpcf7-submit btn btn-primary btn-full-rounded\" \/>\n        <\/div><\/div>\n<\/div>\n<div class=\"wpcf7-response-output\" role=\"alert\" aria-hidden=\"true\"><\/div><\/form><\/div><\/div><\/div><div class=\"info-box-small vc_column_container col-md-6\"><div class=\"wpb_wrapper vc_column-inner\"><h4  class=\"vc_custom_heading align-left heading-dark\">\u0130leti\u015fim <strong>Bilgileri<\/strong><\/h4><div class=\"porto-sicon-box style_1 default-icon\"><div class=\"porto-sicon-default\"><div id=\"porto-icon-196219255769e08f86f2d32\" class=\"porto-just-icon-wrapper\" style=\"text-align:center;\">\n<div class=\"porto-icon advanced \"  style=\"color:#611464;border-style:solid;border-color:#611464;border-width:1px;width:25px;height:25px;line-height:25px;border-radius:25px;font-size:12px;display:inline-block;\">\n\t<i class=\"fas fa-map-marker-alt\"><\/i>\n<\/div><\/div><\/div><div class=\"porto-sicon-header\" ><p><strong>Adres:<\/strong> K\u00fc\u00e7\u00fckbakkalk\u00f6y Mahallesi, Defne Sokak, No: 1, Flora Residence, D: 904, Ata\u015fehir, \u0130stanbul, T\u00fcrkiye<\/p><\/div> <!-- header --><\/div> <!-- porto-sicon-box --><div class=\"porto-sicon-box style_1 default-icon\"><div class=\"porto-sicon-default\"><div id=\"porto-icon-193166714769e08f86f309f\" class=\"porto-just-icon-wrapper\" style=\"text-align:center;\">\n<div class=\"porto-icon advanced \"  style=\"color:#611464;border-style:solid;border-color:#611464;border-width:1px;width:25px;height:25px;line-height:25px;border-radius:25px;font-size:12px;display:inline-block;\">\n\t<i class=\"fas fa-phone\"><\/i>\n<\/div><\/div><\/div><div class=\"porto-sicon-header\" ><p><strong> Telefon<\/strong>: +90 216 478 49 49<\/p><\/div> <!-- header --><\/div> <!-- porto-sicon-box --><div class=\"porto-sicon-box style_1 default-icon\"><div class=\"porto-sicon-default\"><div id=\"porto-icon-158342896969e08f86f33d6\" class=\"porto-just-icon-wrapper\" style=\"text-align:center;\">\n<div class=\"porto-icon advanced \"  style=\"color:#611464;border-style:solid;border-color:#611464;border-width:1px;width:25px;height:25px;line-height:25px;border-radius:25px;font-size:12px;display:inline-block;\">\n\t<i class=\"fas fa-envelope\"><\/i>\n<\/div><\/div><\/div><div class=\"porto-sicon-header\" ><p><strong>Email<\/strong>: info@kmpturkey.com<\/p><\/div> <!-- header --><\/div> <!-- porto-sicon-box --><h4  class=\"vc_custom_heading mt-5 align-left heading-dark\">\u00c7al\u0131\u015fma <strong>Saatleri<\/strong><\/h4><div class=\"porto-sicon-box style_1 default-icon\"><div class=\"porto-sicon-default\"><div id=\"porto-icon-116298817869e08f86f38ff\" class=\"porto-just-icon-wrapper\" style=\"text-align:center;\">\n<div class=\"porto-icon none \"  style=\"font-size:14px;display:inline-block;\">\n\t<i class=\"far fa-clock\"><\/i>\n<\/div><\/div><\/div><div class=\"porto-sicon-header\" ><p>P.tsi-Cuma: 9:00 - 18:00<\/p><\/div> <!-- header --><\/div> <!-- porto-sicon-box --><div class=\"porto-sicon-box style_1 default-icon\"><div class=\"porto-sicon-default\"><div id=\"porto-icon-85501473269e08f86f3c48\" class=\"porto-just-icon-wrapper\" style=\"text-align:center;\">\n<div class=\"porto-icon none \"  style=\"font-size:14px;display:inline-block;\">\n\t<i class=\"far fa-clock\"><\/i>\n<\/div><\/div><\/div><div class=\"porto-sicon-header\" ><p>C.tesi: Kapal\u0131<\/p><\/div> <!-- header --><\/div> <!-- porto-sicon-box --><div class=\"porto-sicon-box style_1 default-icon\"><div class=\"porto-sicon-default\"><div id=\"porto-icon-140003624569e08f86f3f7b\" class=\"porto-just-icon-wrapper\" style=\"text-align:center;\">\n<div class=\"porto-icon none \"  style=\"font-size:14px;display:inline-block;\">\n\t<i class=\"far fa-clock\"><\/i>\n<\/div><\/div><\/div><div class=\"porto-sicon-header\" ><p>Pazar: Kapal\u0131<\/p><\/div> <!-- header --><\/div> <!-- porto-sicon-box --><\/div><\/div><\/div><\/div><\/div><div class=\"vc_row wpb_row call-to-action-in-footer vc_custom_1542186798701 vc_row-has-fill porto-inner-container\"><div class=\"porto-wrap-container container\"><div class=\"row\"><div class=\"vc_column_container col-md-12\"><div class=\"wpb_wrapper vc_column-inner\"><section class=\"vc_cta3-container\"><div class=\"vc_general vc_cta3 mb-0 vc_cta3-style-flat vc_cta3-shape-square vc_cta3-align-center vc_cta3-color-white vc_cta3-icon-size-md vc_cta3-actions-right vc_custom_1746616359329\"><div class=\"vc_cta3_content-container\"><div class=\"vc_cta3-content\"><header class=\"vc_cta3-content-header\"><h2>D\u00fcnyan\u0131n <b>Her Yerinden<\/b> Ve Her <b>Sekt\u00f6rden<\/b> M\u00fc\u015fterilerimize !<\/h2><\/header><p><span style=\"color: #611464;\">Profesyonel Hizmetler Sunmaktay\u0131z.<\/span><\/p>\n<\/div><div class=\"vc_cta3-actions\"><style>.vc_btn3-style-gradient-custom.vc_btn-gradient-btn-69e08f8701af4:hover,.vc_btn3-style-gradient-custom.vc_btn-gradient-btn-69e08f8701af4:focus{color: #ffffff;background-color: #a100af;border: none;background-position: 100% 0;} .vc_btn3-style-gradient-custom.vc_btn-gradient-btn-69e08f8701af4{color: #ffffff;border: none;background-color: #611464;background-image: -webkit-linear-gradient(left, #611464 0%, #a100af 50%,#611464 100%);background-image: linear-gradient(to right, #611464 0%, #a100af 50%,#611464 100%);transition: all .2s ease-in-out;background-size: 200% 100%;}<\/style><div class=\"vc_btn3-container  btn-call-to-action box-shadow-3 vc_btn3-center show-arrow\" >\n\t<a data-vc-gradient-1=\"#611464\" data-vc-gradient-2=\"#a100af\" class=\"vc_general vc_btn3 vc_btn3-size-xl vc_btn3-shape-round vc_btn3-style-gradient-custom vc_btn-gradient-btn-69e08f8701af4 btn\" href=\"http:\/\/www.kiempi.com\/biz-kimiz\/\" title=\"Biz Kimiz\">HAKKIMIZDA<\/a>\t\t\t<span class=\"dir-arrow hlb\" data-appear-animation-delay=\"800\" data-appear-animation=\"rotateInUpLeft\"><\/span>\n\t<\/div>\n<\/div><\/div><\/div><\/section><\/div><\/div><\/div><\/div><\/div>\n","protected":false},"excerpt":{"rendered":"\u0130leti\u015fim Formu Soru sormaktan \u00e7ekinmeyin, merak ettikleriniz i\u00e7in ileti\u015fim formunu kullanabilirsiniz! Ad\u0131n\u0131z * E-mail Adresiniz * Konu Mesaj\u0131n\u0131z Do\u011frulama Kodu * \u0130leti\u015fim Bilgileri Adres: K\u00fc\u00e7\u00fckbakkalk\u00f6y Mahallesi, Defne Sokak, No: 1, Flora Residence, D: 904, Ata\u015fehir, \u0130stanbul, T\u00fcrkiye Telefon: +90 216 478 49 49 Email: info@kmpturkey.com \u00c7al\u0131\u015fma Saatleri P.tsi-Cuma: 9:00 - 18:00 C.tesi: Kapal\u0131 Pazar: Kapal\u0131 [...]","protected":false},"author":1,"featured_media":0,"parent":0,"menu_order":0,"comment_status":"closed","ping_status":"closed","template":"","meta":[],"_links":{"self":[{"href":"https:\/\/www.kiempi.com\/en\/wp-json\/wp\/v2\/pages\/73"}],"collection":[{"href":"https:\/\/www.kiempi.com\/en\/wp-json\/wp\/v2\/pages"}],"about":[{"href":"https:\/\/www.kiempi.com\/en\/wp-json\/wp\/v2\/types\/page"}],"author":[{"embeddable":true,"href":"https:\/\/www.kiempi.com\/en\/wp-json\/wp\/v2\/users\/1"}],"replies":[{"embeddable":true,"href":"https:\/\/www.kiempi.com\/en\/wp-json\/wp\/v2\/comments?post=73"}],"version-history":[{"count":22,"href":"https:\/\/www.kiempi.com\/en\/wp-json\/wp\/v2\/pages\/73\/revisions"}],"predecessor-version":[{"id":3434,"href":"https:\/\/www.kiempi.com\/en\/wp-json\/wp\/v2\/pages\/73\/revisions\/3434"}],"wp:attachment":[{"href":"https:\/\/www.kiempi.com\/en\/wp-json\/wp\/v2\/media?parent=73"}],"curies":[{"name":"wp","href":"https:\/\/api.w.org\/{rel}","templated":true}]}}