{"id":2956,"date":"2020-06-03T13:16:05","date_gmt":"2020-06-03T10:16:05","guid":{"rendered":"http:\/\/www.kiempi.com\/?page_id=2956"},"modified":"2020-10-26T19:37:35","modified_gmt":"2020-10-26T16:37:35","slug":"bizi-tercih-edenler","status":"publish","type":"page","link":"https:\/\/www.kiempi.com\/en\/bizi-tercih-edenler\/","title":{"rendered":"Those Who Prefer Us"},"content":{"rendered":"<p><div class=\"vc_row wpb_row overflow-hidden porto-inner-container\"><div class=\"porto-wrap-container container\"><div class=\"row\"><div class=\"mx-md-auto vc_column_container col-md-9\" data-appear-animation=\"maskUp\"><div class=\"wpb_wrapper vc_column-inner\"><h2 class=\"word-rotator letters scale short m-t-xxl\" style=\"font-size:32px;line-height:46px;text-align:center;\" data-plugin-options=\"{'waittime': 2500, 'pauseOnHover': false}\"><span class=\"word-rotate-prefix\" style=\"font-weight:700;font-size:32px !important;\">Yurt D\u0131\u015f\u0131 ve Yurt \u0130\u00e7i<\/span> <span class=\"word-rotator-items\" style=\"font-family:&#039;Open Sans&#039;;font-weight:700;color:#611464;\"><b class=\"active\">Meeting<\/b><b>Events<\/b><b>\u0130ncentive<\/b><b>Congress<\/b><\/span><\/h2>\n\t<div class=\"wpb_text_column wpb_content_element  text-center\" >\n\t\t<div class=\"wpb_wrapper\">\n\t\t\t<p class=\"lead\">To Our Customers From All Over The World And From Every Sector! We Offer Professional Services.<\/p>\n\n\t\t<\/div>\n\t<\/div>\n<\/div><\/div><\/div><\/div><\/div><div class=\"vc_row wpb_row row section section-parallax mt-0 mb-0 section-no-borders\"><div class=\"order-1 vc_column_container col-md-5 vc_custom_1591179137257\"><div class=\"wpb_wrapper vc_column-inner\"><div data-enable_animator='nomobile' class='wpb_animate_when_almost_visible gambit-css-animation loop-hover ' style='-webkit-animation-duration: 10s;-moz-animation-duration: 10s;-ms-animation-duration: 10s;-o-animation-duration: 10s;animation-duration: 10s;-webkit-transition-duration: 10s;-moz-transition-duration: 10s;-ms-transition-duration: 10s;-o-transition-duration: 10s;transition-duration: 10s;opacity: 0;-webkit-animation-delay: 0.1s;-moz-animation-delay: 0.1s;-ms-animation-delay: 0.1s;-o-animation-delay: 0.1s;animation-delay: 0.1s;-webkit-transition-delay: 0.1s;-moz-transition-delay: 0.1s;-ms-transition-delay: 0.1s;-o-transition-delay: 0.1s;transition-delay: 0.1s'>\n\t<div class=\"wpb_single_image wpb_content_element vc_align_left  vc_custom_1603730241983  mb-4\"data-appear-animation=\"fadeInRight\" data-appear-animation-delay=\"100\">\n\t\t<div class=\"wpb_wrapper\">\n\t\t\t\n\t\t\t<div class=\"vc_single_image-wrapper   vc_box_border_grey\"><img width=\"445\" height=\"529\" src=\"https:\/\/www.kiempi.com\/wp-content\/uploads\/2020\/10\/bizi-tercihedenler.jpg\" class=\"vc_single_image-img attachment-full\" alt=\"\" loading=\"lazy\" srcset=\"https:\/\/www.kiempi.com\/wp-content\/uploads\/2020\/10\/bizi-tercihedenler.jpg 445w, https:\/\/www.kiempi.com\/wp-content\/uploads\/2020\/10\/bizi-tercihedenler-400x476.jpg 400w, https:\/\/www.kiempi.com\/wp-content\/uploads\/2020\/10\/bizi-tercihedenler-367x436.jpg 367w\" sizes=\"(max-width: 445px) 100vw, 445px\" \/><\/div>\n\t\t<\/div>\n\t<\/div>\n<\/div><\/div><\/div><div class=\"mb-5 mb-lg-0 px-5 py-5 py-xl-5 h-100 position-relative d-flex align-items-center mt-4 mt-xl-0 vc_column_container col-md-7 vc_custom_1603726517969\"><div class=\"wpb_wrapper vc_column-inner\"><div class=\"vc_row wpb_row vc_inner row overflow-hidden\"><div class=\"vc_column_container col-md-12\"><div class=\"wpb_wrapper vc_column-inner\"><h2 style=\"font-size: 50px;color: #c9c9c9;line-height: 1;font-family:Open Sans;font-weight:800;font-style:normal\" data-appear-animation=\"fadeInUp\" data-appear-animation-delay=\"400\" class=\"vc_custom_heading vc_custom_1590429809329 align-left\">KMP<\/h2><h2 style=\"font-size: 25px;line-height: 1\" data-appear-animation=\"fadeInUp\" data-appear-animation-delay=\"100\" class=\"vc_custom_heading mb-3 align-left heading-dark\">Those Who<b> Prefer Us<\/b><\/h2><div class=\"porto-separator  \"><hr class=\"separator-line  align_left solid\" style=\"background-color:#611464;height:4px;width:10%;\"><\/div>\n\t<div class=\"wpb_text_column wpb_content_element  text-center\" >\n\t\t<div class=\"wpb_wrapper\">\n\t\t\t<p class=\"lead\"><span style=\"color: #611464;\">If you want to get information about our customers who have preferred us for years, you can make a request via the contact form.<\/span><\/p>\n\n\t\t<\/div>\n\t<\/div>\n<div role=\"form\" class=\"wpcf7\" id=\"wpcf7-f3160-o2\" lang=\"en-US\" dir=\"ltr\">\n<div class=\"screen-reader-response\" role=\"alert\" aria-live=\"polite\"><\/div>\n<form action=\"\/en\/wp-json\/wp\/v2\/pages\/2956#wpcf7-f3160-o2\" method=\"post\" class=\"wpcf7-form init\" novalidate=\"novalidate\">\n<div style=\"display: none;\">\n<input type=\"hidden\" name=\"_wpcf7\" value=\"3160\" \/>\n<input type=\"hidden\" name=\"_wpcf7_version\" value=\"5.2.2\" \/>\n<input type=\"hidden\" name=\"_wpcf7_locale\" value=\"en_US\" \/>\n<input type=\"hidden\" name=\"_wpcf7_unit_tag\" value=\"wpcf7-f3160-o2\" \/>\n<input type=\"hidden\" name=\"_wpcf7_container_post\" value=\"0\" \/>\n<input type=\"hidden\" name=\"_wpcf7_posted_data_hash\" value=\"\" \/>\n<\/div>\n<div class=\"row custom-form-style-1\">\n<div class=\"form-group col-md-6 pr-md-0\">\n        <span class=\"wpcf7-form-control-wrap your-first-name\"><input type=\"text\" name=\"your-first-name\" value=\"\" size=\"40\" class=\"wpcf7-form-control wpcf7-text wpcf7-validates-as-required form-control\" aria-required=\"true\" aria-invalid=\"false\" placeholder=\"Name*\" \/><\/span>\n    <\/div>\n<div class=\"form-group col-md-6 pl-md-0\">\n        <span class=\"wpcf7-form-control-wrap your-last-name\"><input type=\"text\" name=\"your-last-name\" value=\"\" size=\"40\" class=\"wpcf7-form-control wpcf7-text wpcf7-validates-as-required form-control\" aria-required=\"true\" aria-invalid=\"false\" placeholder=\"Lastname*\" \/><\/span>\n    <\/div>\n<\/div>\n<div class=\"row custom-form-style-1\">\n<div class=\"form-group col-md-6 pr-md-0\">\n        <span class=\"wpcf7-form-control-wrap your-phone\"><input type=\"text\" name=\"your-phone\" value=\"\" size=\"40\" class=\"wpcf7-form-control wpcf7-text wpcf7-validates-as-required form-control\" aria-required=\"true\" aria-invalid=\"false\" placeholder=\"Phone*\" \/><\/span>\n    <\/div>\n<div class=\"form-group col-md-6 pl-md-0\">\n        <span class=\"wpcf7-form-control-wrap your-email\"><input type=\"email\" name=\"your-email\" value=\"\" size=\"40\" class=\"wpcf7-form-control wpcf7-text wpcf7-email wpcf7-validates-as-required wpcf7-validates-as-email form-control\" aria-required=\"true\" aria-invalid=\"false\" placeholder=\"Email Adress*\" \/><\/span>\n    <\/div>\n<\/div>\n<div class=\"row\">\n<div class=\"col-lg-8\">\n<div class=\"form-group\">\n            <span class=\"wpcf7-form-control-wrap your-captcha\"><input type=\"text\" name=\"your-captcha\" value=\"\" size=\"40\" class=\"wpcf7-form-control wpcf7-captchar form-control\" id=\"contact-captcha\" autocomplete=\"off\" aria-invalid=\"false\" placeholder=\"Enter Verification Code*\" \/><\/span>\n        <\/div><\/div>\n<div class=\"col-lg-4\">\n<div class=\"form-group\">\n            <input type=\"hidden\" name=\"_wpcf7_captcha_challenge_your-captcha\" value=\"2792248079\" \/><img class=\"wpcf7-form-control wpcf7-captchac wpcf7-captcha-your-captcha\" width=\"72\" height=\"24\" alt=\"captcha\" src=\"https:\/\/www.kiempi.com\/wp-content\/uploads\/wpcf7_captcha\/2792248079.png\" \/>\n        <\/div><\/div>\n<div class=\"form-group col-12\">\n        <input type=\"submit\" value=\"REQUEST\" class=\"wpcf7-form-control wpcf7-submit btn btn-primary w-100 font-weight-semibold d-block\" \/>\n    <\/div>\n<\/div>\n<div class=\"wpcf7-response-output\" role=\"alert\" aria-hidden=\"true\"><\/div><\/form><\/div><\/div><\/div><\/div><\/div><\/div><\/div><\/p>","protected":false},"excerpt":{"rendered":"Yurt D\u0131\u015f\u0131 ve Yurt \u0130\u00e7i MeetingEvents\u0130ncentiveCongress To Our Customers From All Over The World And From Every Sector! We Offer Professional Services. KMPThose Who Prefer Us If you want to get information about our customers who have preferred us for years, you can make a request via the contact form.","protected":false},"author":1,"featured_media":0,"parent":0,"menu_order":0,"comment_status":"closed","ping_status":"closed","template":"","meta":[],"_links":{"self":[{"href":"https:\/\/www.kiempi.com\/en\/wp-json\/wp\/v2\/pages\/2956"}],"collection":[{"href":"https:\/\/www.kiempi.com\/en\/wp-json\/wp\/v2\/pages"}],"about":[{"href":"https:\/\/www.kiempi.com\/en\/wp-json\/wp\/v2\/types\/page"}],"author":[{"embeddable":true,"href":"https:\/\/www.kiempi.com\/en\/wp-json\/wp\/v2\/users\/1"}],"replies":[{"embeddable":true,"href":"https:\/\/www.kiempi.com\/en\/wp-json\/wp\/v2\/comments?post=2956"}],"version-history":[{"count":27,"href":"https:\/\/www.kiempi.com\/en\/wp-json\/wp\/v2\/pages\/2956\/revisions"}],"predecessor-version":[{"id":3350,"href":"https:\/\/www.kiempi.com\/en\/wp-json\/wp\/v2\/pages\/2956\/revisions\/3350"}],"wp:attachment":[{"href":"https:\/\/www.kiempi.com\/en\/wp-json\/wp\/v2\/media?parent=2956"}],"curies":[{"name":"wp","href":"https:\/\/api.w.org\/{rel}","templated":true}]}}