{"id":2727,"date":"2020-05-10T23:51:30","date_gmt":"2020-05-10T20:51:30","guid":{"rendered":"http:\/\/www.kiempi.com\/?page_id=2727"},"modified":"2020-10-26T19:16:30","modified_gmt":"2020-10-26T16:16:30","slug":"toplanti-2","status":"publish","type":"page","link":"https:\/\/www.kiempi.com\/en\/toplanti-2\/","title":{"rendered":"Meeting"},"content":{"rendered":"<p><div class=\"vc_row wpb_row row m-t-xxl section section-parallax mt-0 mb-0 section-no-borders\"><div class=\"order-1 vc_column_container col-md-5 vc_custom_1590276311518\"><div class=\"wpb_wrapper vc_column-inner\"><div data-enable_animator='all' class='wpb_animate_when_almost_visible gambit-css-animation loop-hover ' style='-webkit-animation-duration: 10s;-moz-animation-duration: 10s;-ms-animation-duration: 10s;-o-animation-duration: 10s;animation-duration: 10s;-webkit-transition-duration: 10s;-moz-transition-duration: 10s;-ms-transition-duration: 10s;-o-transition-duration: 10s;transition-duration: 10s;opacity: 0;-webkit-animation-delay: 0.1s;-moz-animation-delay: 0.1s;-ms-animation-delay: 0.1s;-o-animation-delay: 0.1s;animation-delay: 0.1s;-webkit-transition-delay: 0.1s;-moz-transition-delay: 0.1s;-ms-transition-delay: 0.1s;-o-transition-delay: 0.1s;transition-delay: 0.1s'>\n\t<div class=\"wpb_single_image wpb_content_element vc_align_left   mb-4\"data-appear-animation=\"fadeInRight\" data-appear-animation-delay=\"100\">\n\t\t<div class=\"wpb_wrapper\">\n\t\t\t\n\t\t\t<div class=\"vc_single_image-wrapper   vc_box_border_grey\"><img width=\"445\" height=\"529\" src=\"https:\/\/www.kiempi.com\/wp-content\/uploads\/2020\/10\/toplanti2.jpg\" class=\"vc_single_image-img attachment-full\" alt=\"\" loading=\"lazy\" srcset=\"https:\/\/www.kiempi.com\/wp-content\/uploads\/2020\/10\/toplanti2.jpg 445w, https:\/\/www.kiempi.com\/wp-content\/uploads\/2020\/10\/toplanti2-400x476.jpg 400w, https:\/\/www.kiempi.com\/wp-content\/uploads\/2020\/10\/toplanti2-367x436.jpg 367w\" sizes=\"(max-width: 445px) 100vw, 445px\" \/><\/div>\n\t\t<\/div>\n\t<\/div>\n<\/div><\/div><\/div><div class=\"mb-5 mb-lg-0 px-5 py-5 py-xl-5 h-100 position-relative d-flex align-items-center mt-4 mt-xl-0 vc_column_container col-md-7 vc_custom_1603727412522\"><div class=\"wpb_wrapper vc_column-inner\"><div class=\"vc_row wpb_row vc_inner row overflow-hidden\" data-appear-animation=\"fadeInUp\" data-appear-animation-delay=\"500\"><div class=\"vc_column_container col-md-12\"><div class=\"wpb_wrapper vc_column-inner\"><h2 style=\"font-size: 50px;color: #c9c9c9;line-height: 1;font-family:Open Sans;font-weight:800;font-style:normal\" data-appear-animation=\"fadeInUp\" data-appear-animation-delay=\"400\" class=\"vc_custom_heading vc_custom_1590430401572 align-left\">KMP<\/h2><h2 style=\"font-size: 25px;line-height: 1\" data-appear-animation=\"fadeInUp\" data-appear-animation-delay=\"100\" class=\"vc_custom_heading mb-3 align-left heading-dark\"><b>Meeting<\/b><\/h2><div class=\"porto-separator  \"><hr class=\"separator-line  align_left solid\" style=\"background-color:#611464;height:4px;width:10%;\"><\/div>\n\t<div class=\"wpb_text_column wpb_content_element  wpb_animate_when_almost_visible wpb_fadeInUp fadeInUp\" >\n\t\t<div class=\"wpb_wrapper\">\n\t\t\t<p class=\"lead\"><span style=\"color: #611464;\">We like to create experiences enriched with details.<\/span><\/p>\n<p>We organize Motivation programs in different parts of the world. We design special projects in accordance with corporate identity and dynamics. We design meetings enriched with creative activities and suitable platforms that increase synergy between employees.<\/p>\n\n\t\t<\/div>\n\t<\/div>\n<\/div><\/div><\/div><div class=\"vc_row wpb_row vc_inner row\" data-appear-animation=\"fadeInUp\" data-appear-animation-delay=\"500\"><div class=\"vc_column_container col-md-12 col-lg-6\"><div class=\"wpb_wrapper vc_column-inner\">\n\t<div class=\"wpb_text_column wpb_content_element \" >\n\t\t<div class=\"wpb_wrapper\">\n\t\t\t<ul class=\"list list-icons list-primary\">\n<li class=\"appear-animation\" data-appear-animation-delay=\"0\" data-appear-animation=\"fadeInUp\"><i class=\"fa fa-check\"><\/i> Corporate Events<\/li>\n<li class=\"appear-animation\" data-appear-animation-delay=\"300\" data-appear-animation=\"fadeInUp\"><i class=\"fa fa-check\"><\/i> Motivation Meetings<\/li>\n<li class=\"appear-animation\" data-appear-animation-delay=\"600\" data-appear-animation=\"fadeInUp\"><i class=\"fa fa-check\"><\/i> Celebration Ceremonies<\/li>\n<li class=\"appear-animation\" data-appear-animation-delay=\"900\" data-appear-animation=\"fadeInUp\"><i class=\"fa fa-check\"><\/i> Dealer Meetings<\/li>\n<li class=\"appear-animation\" data-appear-animation-delay=\"1200\" data-appear-animation=\"fadeInUp\"><i class=\"fa fa-check\"><\/i> Roadshow Organizations<\/li>\n<li class=\"appear-animation\" data-appear-animation-delay=\"1400\" data-appear-animation=\"fadeInUp\"><i class=\"fa fa-check\"><\/i> End of Term Meetings<\/li>\n<li class=\"appear-animation\" data-appear-animation-delay=\"1600\" data-appear-animation=\"fadeInUp\"><i class=\"fa fa-check\"><\/i> Fair Stand Design, Installation<\/li>\n<li class=\"appear-animation\" data-appear-animation-delay=\"1800\" data-appear-animation=\"fadeInUp\"><i class=\"fa fa-check\"><\/i> Government and Protocol Organizations<\/li>\n<\/ul>\n\n\t\t<\/div>\n\t<\/div>\n<\/div><\/div><div class=\"text-lg-left vc_column_container col-md-12 col-lg-6\"><div class=\"wpb_wrapper vc_column-inner\">\n\t<div class=\"wpb_text_column wpb_content_element \" >\n\t\t<div class=\"wpb_wrapper\">\n\t\t\t<ul class=\"list list-icons list-primary\">\n<li class=\"appear-animation\" data-appear-animation-delay=\"0\" data-appear-animation=\"fadeInUp\"><i class=\"fa fa-check\"><\/i> Training Meetings<\/li>\n<li class=\"appear-animation\" data-appear-animation-delay=\"300\" data-appear-animation=\"fadeInUp\"><i class=\"fa fa-check\"><\/i> Product Launches<\/li>\n<li class=\"appear-animation\" data-appear-animation-delay=\"600\" data-appear-animation=\"fadeInUp\"><i class=\"fa fa-check\"><\/i> Social responsibility projects<\/li>\n<li class=\"appear-animation\" data-appear-animation-delay=\"900\" data-appear-animation=\"fadeInUp\"><i class=\"fa fa-check\"><\/i> Celebration and Party Organizations<\/li>\n<li class=\"appear-animation\" data-appear-animation-delay=\"1200\" data-appear-animation=\"fadeInUp\"><i class=\"fa fa-check\"><\/i> Press Conferences<\/li>\n<li class=\"appear-animation\" data-appear-animation-delay=\"1200\" data-appear-animation=\"fadeInUp\"><i class=\"fa fa-check\"><\/i> Regional Meeting Organizations\u0131<\/li>\n<li class=\"appear-animation\" data-appear-animation-delay=\"1200\" data-appear-animation=\"fadeInUp\"><i class=\"fa fa-check\"><\/i> Motivation Trips<\/li>\n<\/ul>\n\n\t\t<\/div>\n\t<\/div>\n<\/div><\/div><\/div><div class=\"porto-separator tall \"><hr class=\"separator-line  wpb_animate_when_almost_visible wpb_fadeInUp fadeInUp align_center solid\" style=\"background-color:rgba(0,0,0,0.06);\"><\/div><div class=\"vc_row wpb_row vc_inner row\" data-appear-animation=\"fadeInUp\" data-appear-animation-delay=\"500\"><div class=\"vc_column_container col-md-12 col-lg-6\"><div class=\"wpb_wrapper vc_column-inner\"><style>.vc_btn3-style-gradient-custom.vc_btn-gradient-btn-69e18578b2e37:hover,.vc_btn3-style-gradient-custom.vc_btn-gradient-btn-69e18578b2e37:focus{color: #ffffff;background-color: #545454;border: none;background-position: 100% 0;} .vc_btn3-style-gradient-custom.vc_btn-gradient-btn-69e18578b2e37{color: #ffffff;border: none;background-color: #0d0d0d;background-image: -webkit-linear-gradient(left, #0d0d0d 0%, #545454 50%,#0d0d0d 100%);background-image: linear-gradient(to right, #0d0d0d 0%, #545454 50%,#0d0d0d 100%);transition: all .2s ease-in-out;background-size: 200% 100%;}<\/style><div class=\"vc_btn3-container  mr-1 box-shadow-2 btn-style-2 vc_btn3-inline\" >\n\t<a data-vc-gradient-1=\"#0d0d0d\" data-vc-gradient-2=\"#545454\" class=\"vc_general vc_btn3 vc_btn3-size-md vc_btn3-shape-round vc_btn3-style-gradient-custom vc_btn3-icon-left vc_btn-gradient-btn-69e18578b2e37 btn\" href=\"http:\/\/www.kiempi.com\/biz-kimiz\/\" title=\"Biz Kimiz\"><i class=\"vc_btn3-icon vc-material vc-material-arrow_forward\"><\/i> HAKKIMIZDA<\/a>\t<\/div>\n<style>.vc_btn3-style-gradient-custom.vc_btn-gradient-btn-69e18578b30ac:hover,.vc_btn3-style-gradient-custom.vc_btn-gradient-btn-69e18578b30ac:focus{color: #ffffff;background-color: #a100af;border: none;background-position: 100% 0;} .vc_btn3-style-gradient-custom.vc_btn-gradient-btn-69e18578b30ac{color: #ffffff;border: none;background-color: #611464;background-image: -webkit-linear-gradient(left, #611464 0%, #a100af 50%,#611464 100%);background-image: linear-gradient(to right, #611464 0%, #a100af 50%,#611464 100%);transition: all .2s ease-in-out;background-size: 200% 100%;}<\/style><div class=\"vc_btn3-container  box-shadow-3 btn-style-2 vc_btn3-inline\" >\n\t<a data-vc-gradient-1=\"#611464\" data-vc-gradient-2=\"#a100af\" class=\"vc_general vc_btn3 vc_btn3-size-md vc_btn3-shape-round vc_btn3-style-gradient-custom vc_btn3-icon-left vc_btn-gradient-btn-69e18578b30ac btn\" href=\"http:\/\/www.kiempi.com\/iletisim\/\" title=\"\u0130leti\u015fim\"><i class=\"vc_btn3-icon vc-material vc-material-arrow_forward\"><\/i> \u0130LET\u0130\u015e\u0130M<\/a>\t<\/div>\n<\/div><\/div><div class=\"text-lg-right vc_column_container col-md-12 col-lg-6\"><div class=\"wpb_wrapper vc_column-inner\">\n\t<div class=\"wpb_text_column wpb_content_element  mb-0 inline-block\" >\n\t\t<div class=\"wpb_wrapper\">\n\t\t\t<p><strong class=\"text-uppercase font-size-xs mr-3 text-dark\">SOSYAL MEDYA<\/strong><\/p>\n\n\t\t<\/div>\n\t<\/div>\n<div class=\"porto-u-icons inline-block\">\n<a class=\"69e18578b354d\" href = \"https:\/\/www.instagram.com\/kmp_turizm\/?hl=tr\" target='_blank'  ><div class=\"porto-icon circle box-shadow-gray\"  style=\"color:#212529;font-size:14px;margin-right:3px;\">\n\t<i class=\"fab fa-instagram\"><\/i>\n<\/div><\/a>\n<a class=\"69e18578b363b\" href = \"https:\/\/m.facebook.com\/Kiempi\" target='_blank'  ><div class=\"porto-icon circle box-shadow-gray\"  style=\"color:#212529;font-size:14px;margin-right:3px;\">\n\t<i class=\"fab fa-facebook-f\"><\/i>\n<\/div><\/a>\n<a class=\"69e18578b373c\" href = \"https:\/\/www.youtube.com\/channel\/UC3isl6bDoaLQTwjMbax28pQ\" target='_blank'  ><div class=\"porto-icon circle box-shadow-gray\"  style=\"color:#212529;font-size:14px;margin-right:3px;\">\n\t<i class=\"fab fa-youtube\"><\/i>\n<\/div><\/a>\n<a class=\"69e18578b3835\" href = \"https:\/\/twitter.com\/KMPTURKEY\" target='_blank'  ><div class=\"porto-icon circle box-shadow-gray\"  style=\"color:#212529;font-size:14px;margin-right:3px;\">\n\t<i class=\"fab fa-twitter\"><\/i>\n<\/div><\/a><\/div><\/div><\/div><\/div><\/div><\/div><\/div><\/p>","protected":false},"excerpt":{"rendered":"KMPMeeting We like to create experiences enriched with details. We organize Motivation programs in different parts of the world. We design special projects in accordance with corporate identity and dynamics. We design meetings enriched with creative activities and suitable platforms that increase synergy between employees. Corporate Events Motivation Meetings Celebration Ceremonies Dealer Meetings Roadshow Organizations [...]","protected":false},"author":1,"featured_media":0,"parent":0,"menu_order":0,"comment_status":"closed","ping_status":"closed","template":"","meta":[],"_links":{"self":[{"href":"https:\/\/www.kiempi.com\/en\/wp-json\/wp\/v2\/pages\/2727"}],"collection":[{"href":"https:\/\/www.kiempi.com\/en\/wp-json\/wp\/v2\/pages"}],"about":[{"href":"https:\/\/www.kiempi.com\/en\/wp-json\/wp\/v2\/types\/page"}],"author":[{"embeddable":true,"href":"https:\/\/www.kiempi.com\/en\/wp-json\/wp\/v2\/users\/1"}],"replies":[{"embeddable":true,"href":"https:\/\/www.kiempi.com\/en\/wp-json\/wp\/v2\/comments?post=2727"}],"version-history":[{"count":36,"href":"https:\/\/www.kiempi.com\/en\/wp-json\/wp\/v2\/pages\/2727\/revisions"}],"predecessor-version":[{"id":3332,"href":"https:\/\/www.kiempi.com\/en\/wp-json\/wp\/v2\/pages\/2727\/revisions\/3332"}],"wp:attachment":[{"href":"https:\/\/www.kiempi.com\/en\/wp-json\/wp\/v2\/media?parent=2727"}],"curies":[{"name":"wp","href":"https:\/\/api.w.org\/{rel}","templated":true}]}}